{"id":2,"date":"2020-11-29T15:08:04","date_gmt":"2020-11-29T15:08:04","guid":{"rendered":"http:\/\/socialarv.dk\/?page_id=2"},"modified":"2021-01-29T19:28:26","modified_gmt":"2021-01-29T19:28:26","slug":"sample-page","status":"publish","type":"page","link":"https:\/\/socialarv.dk\/","title":{"rendered":"Negativ social arv?"},"content":{"rendered":"<h1>Social arv<\/h1>\n<h3>kan negativ social arv brydes?<\/h3>\n<h2><img fetchpriority=\"high\" decoding=\"async\" class=\"wp-image-30  alignright\" src=\"https:\/\/socialarv.dk\/wp-content\/uploads\/2020\/11\/cropped-HanneFureby13-scaled-1-e1611948216381-300x193.jpg\" alt=\"\" width=\"379\" height=\"244\" srcset=\"https:\/\/socialarv.dk\/wp-content\/uploads\/2020\/11\/cropped-HanneFureby13-scaled-1-e1611948216381-300x193.jpg 300w, https:\/\/socialarv.dk\/wp-content\/uploads\/2020\/11\/cropped-HanneFureby13-scaled-1-e1611948216381-1024x659.jpg 1024w, https:\/\/socialarv.dk\/wp-content\/uploads\/2020\/11\/cropped-HanneFureby13-scaled-1-e1611948216381-768x495.jpg 768w, https:\/\/socialarv.dk\/wp-content\/uploads\/2020\/11\/cropped-HanneFureby13-scaled-1-e1611948216381.jpg 1101w\" sizes=\"(max-width: 379px) 100vw, 379px\" \/><\/h2>\n<p>Er der mulighed for at bryde den nedadg\u00e5ende spiral, som den negative sociale arv er udtryk for? &#8211; Det er det sp\u00f8rgsm\u00e5l, jeg har fors\u00f8gt at besvare ved at skrive bogen M\u00e6lkeb\u00f8ttebarn, der handler om mit liv og min kamp for at bryde negativ social arv.<br \/>At skrive bogen har v\u00e6ret en sv\u00e6r, sorgfuld og l\u00e6rerrig proces for mig. Jeg er en kvinde p\u00e5 67 \u00e5r, som hele min barndom er vokset op p\u00e5 mange forskellige d\u00f8gninstitutioner.Min mor og mormor &#8211; er ogs\u00e5 selv vokset op p\u00e5 forskellige anbringelsessteder til de blev voksne.<\/p>\n<p>B\u00e5de min mor og mormor har aldrig f\u00e5et en uddannelse. Min mor magtede ikke at have min s\u00f8ster og mig hjemme. Hun var derefter konstant plaget af d\u00e5rlig samvittighed over ikke at kunne v\u00e6re en god mor for os, fik en depression og blev psykisk syg. Som 18-\u00e5rig fik jeg aktindsigt i min journal fra B\u00f8rnev\u00e6rnet. Jeg genneml\u00e6ste journalen med stor smerte &#8211; negativ social arv g\u00f8r ondt. F\u00f8lelser af svigt v\u00e6ltede op i mig. Jeg besluttede dengang, at jeg p\u00e5 et tidspunkt ville skrive en bog om min barndom og om at have v\u00e6ret institutionsbarn med den negative sociale arv i bagagen. Det varede dog mange \u00e5r inden jeg fik skrevet bogen.<\/p>\n<p>F\u00f8rst m\u00e5tte jeg igennem et forhold til en narkoman, som jeg fik min \u00e6ldste s\u00f8n med. Dern\u00e6st et langvarigt forhold til en alkoholiker, som jeg fik en s\u00f8n og en datter med. Genkendelige m\u00f8nstre fra barndommen med negativ social arv.<br \/>Jeg har selv haft tendenser til misbrug. Misbrug som jeg i en \u00e5rr\u00e6kke brugte som middel til at holde smerten p\u00e5 afstand &#8211; l\u00e6gge l\u00e5g p\u00e5 min indre smerte. Jeg forelskede mig i m\u00e6nd, som ikke var gode for mig. M\u00e6nd som svigtede &#8211; valgte &#8220;stoffet&#8221; &#8211; frem for mig og vores lille familie. Hvorfor faldt jeg for disse m\u00e6nd?<br \/>Var det en fotografisk gentagen af mine mors m\u00f8nstre ? &#8211; Var det fordi jeg genkendte noget fra min barndom ? &#8211; Efter at have sluppet disse destruktive forhold, fik jeg en p\u00e6dagogisk uddannelse og tog fat p\u00e5 at skrive bogen.<br \/><img decoding=\"async\" class=\"size-medium wp-image-7 alignright\" src=\"https:\/\/socialarv.dk\/wp-content\/uploads\/2020\/11\/128569146_3513290815450024_4398087472328119822_n-225x300.jpg\" alt=\"\" width=\"225\" height=\"300\" srcset=\"https:\/\/socialarv.dk\/wp-content\/uploads\/2020\/11\/128569146_3513290815450024_4398087472328119822_n-225x300.jpg 225w, https:\/\/socialarv.dk\/wp-content\/uploads\/2020\/11\/128569146_3513290815450024_4398087472328119822_n.jpg 280w\" sizes=\"(max-width: 225px) 100vw, 225px\" \/>Det tog mig 3 \u00e5r med mange t\u00e5rer undervejs. Men jeg kom ogs\u00e5 styrket og afklaret ud p\u00e5 den anden side. Jeg har skrevet denne bog dels for at blive klogere p\u00e5 mig selv og mine m\u00f8nstre. Som en slags selv terapi. Dels for at mine 3 b\u00f8rn skal vide hvor de kommer fra og ikke videref\u00f8re den negative social arv. Men lige s\u00e5 meget for at behandlere, p\u00e6dagoger og andre, som har med truede b\u00f8rn og unge at g\u00f8re, kan f\u00e5 indsigt i den negativ social arv og l\u00e6re af min historie. &#8211; Sidst &#8211; men ikke mindst &#8211; i h\u00e5b om at bogen kan give tro og styrke til andre M\u00e6lkeb\u00f8tteb\u00f8rn. For at vise, at det kan lade sig g\u00f8re at bryde negativ social arv selv om det er h\u00e5rdt arbejde og en livslang proces. To skridt frem og et tilbage er som bekendt bedre end stilstand eller tilbagegang!<br \/>Jeg k\u00e6mper stadig og vil nok g\u00f8re det resten af livet. Men jeg har 3 dejlige voksne b\u00f8rn som IKKE er opvokset p\u00e5 institution, som p\u00e5 trods af deres sv\u00e6re opv\u00e6kst vilk\u00e5r har et godt voksenliv.<\/p>\n<p>Jeg har skrevet bogen i dagbogs form gennem min egne oplevelser. Jeg har bestr\u00e6bt mig p\u00e5 at v\u00e6re s\u00e5 objektiv som man nu kan, n\u00e5r man selv er s\u00e5 f\u00f8lelsesm\u00e6ssig involveret. Jeg har fors\u00f8gt, at v\u00e6re \u00e5ben og \u00e6rlig med min fort\u00e6lling om negativ social arv.<br \/>Jeg h\u00e5ber, at bogen vil blive godt modtaget og at nogen kan f\u00e5 udbytte af at l\u00e6se den.<\/p>\n<p>Vi bestemmer ikke selv hvilken familie vi bliver f\u00f8dt ind i &#8211; Og kom ikke her og sig at vi har lige vilk\u00e5r!<\/p>\n\n\n<p><\/p>\n","protected":false},"excerpt":{"rendered":"<p>Social arv kan negativ social arv brydes? Er der mulighed for at bryde den nedadg\u00e5ende spiral, som den negative sociale arv er udtryk for? &#8211; Det er det sp\u00f8rgsm\u00e5l, jeg har fors\u00f8gt at besvare ved at skrive bogen M\u00e6lkeb\u00f8ttebarn, der handler om mit liv og min kamp for at bryde negativ social arv.At skrive bogen <a class=\"read-more\" href=\"https:\/\/socialarv.dk\/\">READ MORE<\/a><\/p>\n","protected":false},"author":1,"featured_media":0,"parent":0,"menu_order":0,"comment_status":"closed","ping_status":"open","template":"","meta":{"footnotes":""},"_links":{"self":[{"href":"https:\/\/socialarv.dk\/index.php\/wp-json\/wp\/v2\/pages\/2"}],"collection":[{"href":"https:\/\/socialarv.dk\/index.php\/wp-json\/wp\/v2\/pages"}],"about":[{"href":"https:\/\/socialarv.dk\/index.php\/wp-json\/wp\/v2\/types\/page"}],"author":[{"embeddable":true,"href":"https:\/\/socialarv.dk\/index.php\/wp-json\/wp\/v2\/users\/1"}],"replies":[{"embeddable":true,"href":"https:\/\/socialarv.dk\/index.php\/wp-json\/wp\/v2\/comments?post=2"}],"version-history":[{"count":13,"href":"https:\/\/socialarv.dk\/index.php\/wp-json\/wp\/v2\/pages\/2\/revisions"}],"predecessor-version":[{"id":61,"href":"https:\/\/socialarv.dk\/index.php\/wp-json\/wp\/v2\/pages\/2\/revisions\/61"}],"wp:attachment":[{"href":"https:\/\/socialarv.dk\/index.php\/wp-json\/wp\/v2\/media?parent=2"}],"curies":[{"name":"wp","href":"https:\/\/api.w.org\/{rel}","templated":true}]}}